{"id":1039,"date":"2025-11-16T13:03:04","date_gmt":"2025-11-16T13:03:04","guid":{"rendered":"https:\/\/aleverworld.com\/?post_type=product&#038;p=1039"},"modified":"2025-11-16T13:03:04","modified_gmt":"2025-11-16T13:03:04","slug":"supply-24-410-mini-trigger-sprayer-black","status":"publish","type":"product","link":"https:\/\/aleverworld.com\/es\/producto\/supply-24-410-mini-trigger-sprayer-black\/","title":{"rendered":"Supply 24\/410 Mini pulverizador de gatillo-Negro"},"content":{"rendered":"<h2>Mini pulverizador de gatillo Introducci\u00f3n<\/h2>\n<p>El pulverizador de gatillo mini es un cierre dispensador de pl\u00e1stico, resistente, de polipropileno, de 24\/410, con acabado de cuello y tapa lisa. Est\u00e1 dise\u00f1ado para dispensar vol\u00famenes medidos de l\u00edquido.<\/p>\n<p>Alta compatibilidad: Este mini pulverizador de gatillo cuenta con un dise\u00f1o de rosca universal, adaptable a varios tama\u00f1os de cuello de botella, incluyendo tama\u00f1os de cuello comunes como 24\/410 y 28\/410. Se puede instalar en botellas de diferentes materiales y formas, por lo que es ampliamente aplicable.<\/p>\n<p>Dise\u00f1o ergon\u00f3mico: El dise\u00f1o ergon\u00f3mico del gatillo proporciona un agarre c\u00f3modo. Solo requiere una peque\u00f1a cantidad de fuerza para activarlo, lo que reduce la fatiga de la mano incluso despu\u00e9s de un uso prolongado, por lo que es adecuado para usuarios de todas las edades y capacidades f\u00edsicas.<\/p>\n<p>Control preciso: Cada prensa dispensa una cantidad relativamente precisa de l\u00edquido, generalmente entre 0,16mL y 0,3mL, controlando eficazmente la cantidad utilizada y evitando el desperdicio. Es adecuado para productos que requieren una dosificaci\u00f3n precisa, como productos cosm\u00e9ticos e industriales como, spray para el cabello, el cuerpo y el bronceado, fertilizantes y alimentos para plantas. Viene con un tubo de 9\" pulgadas que se puede recortar a medida.<\/p>\n<p>M\u00faltiples modos de pulverizaci\u00f3n: Este pulverizador de gatillo mini cuenta con una boquilla ajustable, lo que permite cambiar entre los modos de niebla fina y pulverizaci\u00f3n directa para satisfacer diferentes necesidades. Por ejemplo, el modo de pulverizaci\u00f3n fina se puede utilizar para la hidrataci\u00f3n facial, mientras que el modo de pulverizaci\u00f3n directa se puede utilizar para la limpieza de manchas.<\/p>\n<p>Seguro y fiable: Muchos productos est\u00e1n equipados con un bot\u00f3n de bloqueo para evitar la pulverizaci\u00f3n accidental durante el transporte o el almacenamiento, evitando la fuga de l\u00edquidos y aumentando la seguridad al impedir el manejo accidental por parte de los ni\u00f1os. Es un pulverizador de gatillo perfecto para embalajes y env\u00edos, ya que ofrece un bloqueo lateral para evitar descargas involuntarias.<\/p>\n<p>Duradero: Hecho de pl\u00e1sticos de alta calidad, como el polipropileno (PP), tiene buena resistencia qu\u00edmica, resistencia a la fatiga y resistencia a la humedad, resistiendo la corrosi\u00f3n de la mayor\u00eda de los productos qu\u00edmicos dom\u00e9sticos e industriales, asegurando una larga durabilidad.<\/p>\n<p>Respetuoso con el medio ambiente y ahorrador de energ\u00eda: Utilizando un m\u00e9todo de pulverizaci\u00f3n mec\u00e1nico tipo prensa, elimina la necesidad de propelentes qu\u00edmicos, reduciendo la contaminaci\u00f3n ambiental y haci\u00e9ndolo m\u00e1s respetuoso con el medio ambiente.<\/p>\n<p>F\u00e1cil de mantener: La estructura relativamente simple hace que el desmontaje y la limpieza sean convenientes. Los usuarios pueden limpiarlo regularmente para mantener el rendimiento del pulverizador y prolongar su vida \u00fatil.<\/p>\n<p>Apariencias diversas: Disponibles en una gran variedad de colores y estilos, algunos tambi\u00e9n presentan dise\u00f1os transparentes o exclusivos, que satisfacen las necesidades est\u00e9ticas al tiempo que permiten observar f\u00e1cilmente el nivel de l\u00edquido restante, lo que aumenta el atractivo del producto.<\/p>\n<p><a href=\"https:\/\/aleverworld.com\"><img fetchpriority=\"high\" decoding=\"async\" class=\"alignnone wp-image-1048 size-full\" src=\"https:\/\/aleverworld.com\/wp-content\/uploads\/2025\/11\/mini-trigger-sprayer-manufacturer.jpg\" alt=\"Supply 24\/410 Mini Trigger Sprayer-Black\" width=\"1000\" height=\"1000\" srcset=\"https:\/\/aleverworld.com\/wp-content\/uploads\/2025\/11\/mini-trigger-sprayer-manufacturer.jpg 1000w, https:\/\/aleverworld.com\/wp-content\/uploads\/2025\/11\/mini-trigger-sprayer-manufacturer-500x500.jpg 500w, https:\/\/aleverworld.com\/wp-content\/uploads\/2025\/11\/mini-trigger-sprayer-manufacturer-150x150.jpg 150w, https:\/\/aleverworld.com\/wp-content\/uploads\/2025\/11\/mini-trigger-sprayer-manufacturer-768x768.jpg 768w, https:\/\/aleverworld.com\/wp-content\/uploads\/2025\/11\/mini-trigger-sprayer-manufacturer-12x12.jpg 12w, https:\/\/aleverworld.com\/wp-content\/uploads\/2025\/11\/mini-trigger-sprayer-manufacturer-300x300.jpg 300w, https:\/\/aleverworld.com\/wp-content\/uploads\/2025\/11\/mini-trigger-sprayer-manufacturer-600x600.jpg 600w, https:\/\/aleverworld.com\/wp-content\/uploads\/2025\/11\/mini-trigger-sprayer-manufacturer-100x100.jpg 100w\" sizes=\"(max-width: 1000px) 100vw, 1000px\" \/><\/a><\/p>","protected":false},"excerpt":{"rendered":"<p>Este minipulverizador de gatillo cuenta con una boquilla ajustable que permite cambiar entre los modos de pulverizaci\u00f3n fina y pulverizaci\u00f3n directa para satisfacer diferentes necesidades. Por ejemplo, el modo de pulverizaci\u00f3n fina puede utilizarse para la hidrataci\u00f3n facial, mientras que el modo de pulverizaci\u00f3n directa puede utilizarse para limpiar manchas.<\/p>","protected":false},"featured_media":1048,"comment_status":"closed","ping_status":"closed","template":"","meta":{"_monsterinsights_skip_tracking":false,"_monsterinsights_sitenote_active":false,"_monsterinsights_sitenote_note":"","_monsterinsights_sitenote_category":0},"product_brand":[],"product_cat":[30],"product_tag":[],"class_list":{"0":"post-1039","1":"product","2":"type-product","3":"status-publish","4":"has-post-thumbnail","6":"product_cat-sprayer","8":"first","9":"instock","10":"shipping-taxable","11":"product-type-simple"},"jetpack_sharing_enabled":true,"_links":{"self":[{"href":"https:\/\/aleverworld.com\/es\/wp-json\/wp\/v2\/product\/1039","targetHints":{"allow":["GET"]}}],"collection":[{"href":"https:\/\/aleverworld.com\/es\/wp-json\/wp\/v2\/product"}],"about":[{"href":"https:\/\/aleverworld.com\/es\/wp-json\/wp\/v2\/types\/product"}],"replies":[{"embeddable":true,"href":"https:\/\/aleverworld.com\/es\/wp-json\/wp\/v2\/comments?post=1039"}],"wp:featuredmedia":[{"embeddable":true,"href":"https:\/\/aleverworld.com\/es\/wp-json\/wp\/v2\/media\/1048"}],"wp:attachment":[{"href":"https:\/\/aleverworld.com\/es\/wp-json\/wp\/v2\/media?parent=1039"}],"wp:term":[{"taxonomy":"product_brand","embeddable":true,"href":"https:\/\/aleverworld.com\/es\/wp-json\/wp\/v2\/product_brand?post=1039"},{"taxonomy":"product_cat","embeddable":true,"href":"https:\/\/aleverworld.com\/es\/wp-json\/wp\/v2\/product_cat?post=1039"},{"taxonomy":"product_tag","embeddable":true,"href":"https:\/\/aleverworld.com\/es\/wp-json\/wp\/v2\/product_tag?post=1039"}],"curies":[{"name":"wp","href":"https:\/\/api.w.org\/{rel}","templated":true}]}}