{"id":404,"date":"2022-04-18T09:11:11","date_gmt":"2022-04-18T09:11:11","guid":{"rendered":"https:\/\/startersites.io\/blocksy\/home-decor\/?post_type=product&#038;p=404"},"modified":"2025-05-10T14:04:38","modified_gmt":"2025-05-10T14:04:38","slug":"luxury-skincare-bottle-set-for-moisturizers-and-hydration-packaging","status":"publish","type":"product","link":"https:\/\/aleverworld.com\/es\/producto\/luxury-skincare-bottle-set-for-moisturizers-and-hydration-packaging\/","title":{"rendered":"Estuche de lujo para hidratantes y cremas hidratantes"},"content":{"rendered":"<p>Este elegante juego de envases acr\u00edlicos para el cuidado de la piel incluye botellas y tarros de primera calidad con lujosos tapones dorados.<\/p>\n<p>Perfecto para las marcas que buscan elevar su envasado sin perder de vista la calidad y el atractivo visual.<\/p>\n<p>Dise\u00f1ado para cremas hidratantes, sueros y productos hidratantes, el set combina funcionalidad y sofisticaci\u00f3n, garantizando una presentaci\u00f3n de alta gama.<\/p>\n<p>Las botellas admiten tanto bombas como tapones, por lo que ofrecen soluciones de envasado personalizables y f\u00e1ciles de usar.<\/p>","protected":false},"excerpt":{"rendered":"<p>Juego de frascos acr\u00edlicos personalizados para cuidado de la piel.<br \/>\nIncluye varios tama\u00f1os de tarros de boca ancha.<br \/>\nPerfecto para cremas hidratantes, sueros y productos esenciales para el cuidado de la piel, cremas, b\u00e1lsamos y formulaciones m\u00e1s espesas, etc.<\/p>","protected":false},"featured_media":836,"comment_status":"open","ping_status":"closed","template":"","meta":{"_monsterinsights_skip_tracking":false,"_monsterinsights_sitenote_active":false,"_monsterinsights_sitenote_note":"","_monsterinsights_sitenote_category":0},"product_brand":[],"product_cat":[24,22],"product_tag":[],"class_list":{"0":"post-404","1":"product","2":"type-product","3":"status-publish","4":"has-post-thumbnail","6":"product_cat-eco-friendly","7":"product_cat-skincare","9":"first","10":"instock","11":"shipping-taxable","12":"product-type-simple"},"jetpack_sharing_enabled":true,"_links":{"self":[{"href":"https:\/\/aleverworld.com\/es\/wp-json\/wp\/v2\/product\/404","targetHints":{"allow":["GET"]}}],"collection":[{"href":"https:\/\/aleverworld.com\/es\/wp-json\/wp\/v2\/product"}],"about":[{"href":"https:\/\/aleverworld.com\/es\/wp-json\/wp\/v2\/types\/product"}],"replies":[{"embeddable":true,"href":"https:\/\/aleverworld.com\/es\/wp-json\/wp\/v2\/comments?post=404"}],"wp:featuredmedia":[{"embeddable":true,"href":"https:\/\/aleverworld.com\/es\/wp-json\/wp\/v2\/media\/836"}],"wp:attachment":[{"href":"https:\/\/aleverworld.com\/es\/wp-json\/wp\/v2\/media?parent=404"}],"wp:term":[{"taxonomy":"product_brand","embeddable":true,"href":"https:\/\/aleverworld.com\/es\/wp-json\/wp\/v2\/product_brand?post=404"},{"taxonomy":"product_cat","embeddable":true,"href":"https:\/\/aleverworld.com\/es\/wp-json\/wp\/v2\/product_cat?post=404"},{"taxonomy":"product_tag","embeddable":true,"href":"https:\/\/aleverworld.com\/es\/wp-json\/wp\/v2\/product_tag?post=404"}],"curies":[{"name":"wp","href":"https:\/\/api.w.org\/{rel}","templated":true}]}}