{"id":411,"date":"2022-04-18T09:19:17","date_gmt":"2022-04-18T09:19:17","guid":{"rendered":"https:\/\/startersites.io\/blocksy\/home-decor\/?post_type=product&#038;p=411"},"modified":"2025-05-08T15:15:17","modified_gmt":"2025-05-08T15:15:17","slug":"custom-luxury-acrylic-plastic-lotion-bottle-and-jar","status":"publish","type":"product","link":"https:\/\/aleverworld.com\/es\/producto\/custom-luxury-acrylic-plastic-lotion-bottle-and-jar\/","title":{"rendered":"Botella y tarro de loci\u00f3n de pl\u00e1stico acr\u00edlico de lujo personalizados"},"content":{"rendered":"<p>Los frascos acr\u00edlicos para cosm\u00e9ticos tienen las caracter\u00edsticas de los pl\u00e1sticos: inastillables, ligeros, f\u00e1ciles de colorear, f\u00e1ciles de procesar, de bajo coste, etc., y tambi\u00e9n tienen las caracter\u00edsticas de los frascos de vidrio, bonito aspecto y buena textura.<\/p>\n<p>Permite a los fabricantes de medicamentos, cosm\u00e9ticos, etc. obtener la apariencia de las botellas de vidrio al coste de las botellas de pl\u00e1stico, y adem\u00e1s tiene las ventajas de ser inastillable y f\u00e1cil de transportar.<\/p>","protected":false},"excerpt":{"rendered":"<p>Adecuado para envases de cosm\u00e9ticos<\/p>","protected":false},"featured_media":766,"comment_status":"open","ping_status":"closed","template":"","meta":{"_monsterinsights_skip_tracking":false,"_monsterinsights_sitenote_active":false,"_monsterinsights_sitenote_note":"","_monsterinsights_sitenote_category":0},"product_brand":[],"product_cat":[22],"product_tag":[],"class_list":{"0":"post-411","1":"product","2":"type-product","3":"status-publish","4":"has-post-thumbnail","6":"product_cat-skincare","8":"first","9":"instock","10":"shipping-taxable","11":"product-type-simple"},"jetpack_sharing_enabled":true,"_links":{"self":[{"href":"https:\/\/aleverworld.com\/es\/wp-json\/wp\/v2\/product\/411","targetHints":{"allow":["GET"]}}],"collection":[{"href":"https:\/\/aleverworld.com\/es\/wp-json\/wp\/v2\/product"}],"about":[{"href":"https:\/\/aleverworld.com\/es\/wp-json\/wp\/v2\/types\/product"}],"replies":[{"embeddable":true,"href":"https:\/\/aleverworld.com\/es\/wp-json\/wp\/v2\/comments?post=411"}],"wp:featuredmedia":[{"embeddable":true,"href":"https:\/\/aleverworld.com\/es\/wp-json\/wp\/v2\/media\/766"}],"wp:attachment":[{"href":"https:\/\/aleverworld.com\/es\/wp-json\/wp\/v2\/media?parent=411"}],"wp:term":[{"taxonomy":"product_brand","embeddable":true,"href":"https:\/\/aleverworld.com\/es\/wp-json\/wp\/v2\/product_brand?post=411"},{"taxonomy":"product_cat","embeddable":true,"href":"https:\/\/aleverworld.com\/es\/wp-json\/wp\/v2\/product_cat?post=411"},{"taxonomy":"product_tag","embeddable":true,"href":"https:\/\/aleverworld.com\/es\/wp-json\/wp\/v2\/product_tag?post=411"}],"curies":[{"name":"wp","href":"https:\/\/api.w.org\/{rel}","templated":true}]}}