{"id":414,"date":"2022-04-18T09:21:10","date_gmt":"2022-04-18T09:21:10","guid":{"rendered":"https:\/\/startersites.io\/blocksy\/home-decor\/?post_type=product&#038;p=414"},"modified":"2025-05-10T14:17:14","modified_gmt":"2025-05-10T14:17:14","slug":"acrylic-bottle-and-jars","status":"publish","type":"product","link":"https:\/\/aleverworld.com\/es\/producto\/acrylic-bottle-and-jars\/","title":{"rendered":"Botellas y tarros acr\u00edlicos"},"content":{"rendered":"<p>DETALLES DEL PRODUCTO<br \/>\nNombre del producto: Lujo Skincare Botella Set Embalaje Personalizado<br \/>\nColor: Personalizado<br \/>\nCapacidad: tarros de 15 g, 25 g, 50 g, 100 g; botellas de 30 ml, 50 ml, 60 ml, 100 ml, 120 ml, 150 ml<br \/>\nMaterial: botella y tarro de cristal, tap\u00f3n y bomba de pl\u00e1stico<br \/>\nUso: crema facial, limpiador, t\u00f3nico, loci\u00f3n facial<br \/>\nEntrega Embalaje: embalaje est\u00e1ndar de cart\u00f3n para exportaci\u00f3n<br \/>\nTratamiento de superficies: serigraf\u00eda, glaseado, galvanoplastia, revestimiento de color, impresi\u00f3n 3D, estampaci\u00f3n en caliente<\/p>\n<p>El elegante dise\u00f1o de los frascos acr\u00edlicos para cosm\u00e9ticos no s\u00f3lo a\u00f1adir\u00e1 un toque lujoso a su rutina de cuidado de la piel, sino que tambi\u00e9n proteger\u00e1 sus productos de los da\u00f1inos rayos UV.<\/p>","protected":false},"excerpt":{"rendered":"<p>Nuestros frascos para el cuidado de la piel est\u00e1n fabricados con pl\u00e1stico acr\u00edlico de alta calidad, que no s\u00f3lo es reciclable, sino tambi\u00e9n sostenible y respetuoso con el medio ambiente.<\/p>","protected":false},"featured_media":764,"comment_status":"open","ping_status":"closed","template":"","meta":{"_monsterinsights_skip_tracking":false,"_monsterinsights_sitenote_active":false,"_monsterinsights_sitenote_note":"","_monsterinsights_sitenote_category":0},"product_brand":[],"product_cat":[22],"product_tag":[],"class_list":{"0":"post-414","1":"product","2":"type-product","3":"status-publish","4":"has-post-thumbnail","6":"product_cat-skincare","8":"first","9":"instock","10":"shipping-taxable","11":"product-type-simple"},"jetpack_sharing_enabled":true,"_links":{"self":[{"href":"https:\/\/aleverworld.com\/es\/wp-json\/wp\/v2\/product\/414","targetHints":{"allow":["GET"]}}],"collection":[{"href":"https:\/\/aleverworld.com\/es\/wp-json\/wp\/v2\/product"}],"about":[{"href":"https:\/\/aleverworld.com\/es\/wp-json\/wp\/v2\/types\/product"}],"replies":[{"embeddable":true,"href":"https:\/\/aleverworld.com\/es\/wp-json\/wp\/v2\/comments?post=414"}],"wp:featuredmedia":[{"embeddable":true,"href":"https:\/\/aleverworld.com\/es\/wp-json\/wp\/v2\/media\/764"}],"wp:attachment":[{"href":"https:\/\/aleverworld.com\/es\/wp-json\/wp\/v2\/media?parent=414"}],"wp:term":[{"taxonomy":"product_brand","embeddable":true,"href":"https:\/\/aleverworld.com\/es\/wp-json\/wp\/v2\/product_brand?post=414"},{"taxonomy":"product_cat","embeddable":true,"href":"https:\/\/aleverworld.com\/es\/wp-json\/wp\/v2\/product_cat?post=414"},{"taxonomy":"product_tag","embeddable":true,"href":"https:\/\/aleverworld.com\/es\/wp-json\/wp\/v2\/product_tag?post=414"}],"curies":[{"name":"wp","href":"https:\/\/api.w.org\/{rel}","templated":true}]}}