{"id":73,"date":"2022-04-11T12:57:07","date_gmt":"2022-04-11T12:57:07","guid":{"rendered":"https:\/\/startersites.io\/blocksy\/home-decor\/?post_type=product&#038;p=73"},"modified":"2025-09-04T15:51:25","modified_gmt":"2025-09-04T15:51:25","slug":"fine-mist-spray-bottle-replacement-pump-top-24-410","status":"publish","type":"product","link":"https:\/\/aleverworld.com\/es\/producto\/fine-mist-spray-bottle-replacement-pump-top-24-410\/","title":{"rendered":"Botella pulverizadora de niebla fina con bomba de repuesto 24\/410"},"content":{"rendered":"<p>Nuestra botella pulverizadora de repuesto se utiliza para aceites esenciales, t\u00f3nicos, alcohol, perfumes, ambientadores y otros l\u00edquidos. Tambi\u00e9n es imprescindible para viajes y en casa.<\/p>\n<p>La parte superior de la bomba de prensa de repuesto est\u00e1 hecha de pl\u00e1stico y bamb\u00fa, seguro y duradero, suave y no t\u00f3xico, puede ser reutilizado, conveniente y r\u00e1pido.<\/p>\n<p>Tubo lo suficientemente largo adecuado para una variedad de botellas de capacidad, tambi\u00e9n puede recortar el tubo a la longitud que desee de acuerdo a las necesidades.<\/p>\n<p>La cabeza de pulverizaci\u00f3n del dise\u00f1o de rosca se puede poner firmemente en la boca de la botella, y hay una tapa transparente, doble protecci\u00f3n, y no tendr\u00e1 fugas de agua.<\/p>","protected":false},"excerpt":{"rendered":"<p>Tapones de pl\u00e1stico blanco para pulverizador de niebla fina Tapones de pl\u00e1stico blanco para pulverizador de niebla fina.<br \/>\nLa niebla pulverizada es fina y uniforme.<br \/>\nLos aceites esenciales u otros productos para el cuidado de la piel pueden absorberse r\u00e1pidamente.<br \/>\nDise\u00f1o antifugas<\/p>","protected":false},"featured_media":841,"comment_status":"open","ping_status":"closed","template":"","meta":{"_monsterinsights_skip_tracking":false,"_monsterinsights_sitenote_active":false,"_monsterinsights_sitenote_note":"","_monsterinsights_sitenote_category":0},"product_brand":[],"product_cat":[24,28,22],"product_tag":[],"class_list":{"0":"post-73","1":"product","2":"type-product","3":"status-publish","4":"has-post-thumbnail","6":"product_cat-eco-friendly","7":"product_cat-pump-dispenser","8":"product_cat-skincare","10":"first","11":"instock","12":"shipping-taxable","13":"product-type-simple"},"jetpack_sharing_enabled":true,"_links":{"self":[{"href":"https:\/\/aleverworld.com\/es\/wp-json\/wp\/v2\/product\/73","targetHints":{"allow":["GET"]}}],"collection":[{"href":"https:\/\/aleverworld.com\/es\/wp-json\/wp\/v2\/product"}],"about":[{"href":"https:\/\/aleverworld.com\/es\/wp-json\/wp\/v2\/types\/product"}],"replies":[{"embeddable":true,"href":"https:\/\/aleverworld.com\/es\/wp-json\/wp\/v2\/comments?post=73"}],"wp:featuredmedia":[{"embeddable":true,"href":"https:\/\/aleverworld.com\/es\/wp-json\/wp\/v2\/media\/841"}],"wp:attachment":[{"href":"https:\/\/aleverworld.com\/es\/wp-json\/wp\/v2\/media?parent=73"}],"wp:term":[{"taxonomy":"product_brand","embeddable":true,"href":"https:\/\/aleverworld.com\/es\/wp-json\/wp\/v2\/product_brand?post=73"},{"taxonomy":"product_cat","embeddable":true,"href":"https:\/\/aleverworld.com\/es\/wp-json\/wp\/v2\/product_cat?post=73"},{"taxonomy":"product_tag","embeddable":true,"href":"https:\/\/aleverworld.com\/es\/wp-json\/wp\/v2\/product_tag?post=73"}],"curies":[{"name":"wp","href":"https:\/\/api.w.org\/{rel}","templated":true}]}}