{"id":77,"date":"2022-04-18T09:08:20","date_gmt":"2022-04-18T09:08:20","guid":{"rendered":"https:\/\/startersites.io\/blocksy\/home-decor\/?post_type=product&#038;p=77"},"modified":"2025-06-19T15:05:47","modified_gmt":"2025-06-19T15:05:47","slug":"empty-perfume-refillable-bottle-atomizer-container-for-travel-essentials","status":"publish","type":"product","link":"https:\/\/aleverworld.com\/es\/producto\/empty-perfume-refillable-bottle-atomizer-container-for-travel-essentials\/","title":{"rendered":"Perfume Vac\u00edo Botella Recargable Atomizador Envase para Esenciales de Viaje"},"content":{"rendered":"<p>\u3010ATOMIZER CAPACITY\u3011:F\u00e1cil de llenar, perfecto para que usted pueda llevar u organizar diferentes perfumes. La botella atomizador lleno de perfume es de vidrio transparente, muy conveniente para que usted compruebe cu\u00e1nto perfume queda.<\/p>\n<p>\u3010GREAT QUALITY &amp; PORTABLE\u3011:Las botellas de viaje de perfume recargables est\u00e1n hechas de vidrio de alta calidad.La mini botella de spray es perfecta como botella de perfume recargable esencial de viaje.El material ligero y duradero hace que este atomizador sea ideal para colocar en su bolso o bolsillo.<\/p>\n<p>\u3010 NO HAY FUGAS BOTELLA DE SPRAY MISTER \u3011 Este juego de atomizador de perfume port\u00e1til es seguro para aviones y no se romper\u00e1 cuando se caiga al suelo, duradero y sin fugas<\/p>\n<p>\u3010DISE\u00d1O RELLENABLE\u3011: Simplemente desenrosque la boquilla de la botella de perfume y rellene la botella a trav\u00e9s del embudo equipado para reponer el perfume, conveniente y r\u00e1pido. Pulverizaci\u00f3n fina y cobertura uniforme.<\/p>\n<p>\u3010VERSATILIDAD\u3011\uff1aLa botella de perfume de viaje perfecto para almacenar su perfume, colonia, aftershave, aceites esenciales, removedor de maquillaje y as\u00ed sucesivamente. Una buena opci\u00f3n para tomar cuando usted est\u00e1 viajando, citas, fiesta.<\/p>","protected":false},"excerpt":{"rendered":"<p>La botella de perfume de viaje perfecto para almacenar su perfume, colonia, aftershave, aceites esenciales, removedor de maquillaje y as\u00ed sucesivamente. Una buena elecci\u00f3n para llevar de viaje, de cita o de fiesta. Deje uno en su coche, en una cena con amigos, en el gimnasio o en cualquier otro lugar donde necesite verse y oler mejor.<\/p>","protected":false},"featured_media":770,"comment_status":"open","ping_status":"closed","template":"","meta":{"_monsterinsights_skip_tracking":false,"_monsterinsights_sitenote_active":false,"_monsterinsights_sitenote_note":"","_monsterinsights_sitenote_category":0},"product_brand":[],"product_cat":[29,23],"product_tag":[],"class_list":{"0":"post-77","1":"product","2":"type-product","3":"status-publish","4":"has-post-thumbnail","6":"product_cat-glass-packaging","7":"product_cat-makeup","9":"first","10":"instock","11":"shipping-taxable","12":"product-type-simple"},"jetpack_sharing_enabled":true,"_links":{"self":[{"href":"https:\/\/aleverworld.com\/es\/wp-json\/wp\/v2\/product\/77","targetHints":{"allow":["GET"]}}],"collection":[{"href":"https:\/\/aleverworld.com\/es\/wp-json\/wp\/v2\/product"}],"about":[{"href":"https:\/\/aleverworld.com\/es\/wp-json\/wp\/v2\/types\/product"}],"replies":[{"embeddable":true,"href":"https:\/\/aleverworld.com\/es\/wp-json\/wp\/v2\/comments?post=77"}],"wp:featuredmedia":[{"embeddable":true,"href":"https:\/\/aleverworld.com\/es\/wp-json\/wp\/v2\/media\/770"}],"wp:attachment":[{"href":"https:\/\/aleverworld.com\/es\/wp-json\/wp\/v2\/media?parent=77"}],"wp:term":[{"taxonomy":"product_brand","embeddable":true,"href":"https:\/\/aleverworld.com\/es\/wp-json\/wp\/v2\/product_brand?post=77"},{"taxonomy":"product_cat","embeddable":true,"href":"https:\/\/aleverworld.com\/es\/wp-json\/wp\/v2\/product_cat?post=77"},{"taxonomy":"product_tag","embeddable":true,"href":"https:\/\/aleverworld.com\/es\/wp-json\/wp\/v2\/product_tag?post=77"}],"curies":[{"name":"wp","href":"https:\/\/api.w.org\/{rel}","templated":true}]}}