{"id":79,"date":"2022-04-12T07:58:59","date_gmt":"2022-04-12T07:58:59","guid":{"rendered":"https:\/\/startersites.io\/blocksy\/home-decor\/?post_type=product&#038;p=79"},"modified":"2025-09-04T15:50:36","modified_gmt":"2025-09-04T15:50:36","slug":"skincare-solutions-customizable-acrylic-bottle-sets","status":"publish","type":"product","link":"https:\/\/aleverworld.com\/es\/producto\/skincare-solutions-customizable-acrylic-bottle-sets\/","title":{"rendered":"Sets de botellas acr\u00edlicas personalizables Skincare Solutions"},"content":{"rendered":"<p>Nuestros frascos para el cuidado de la piel est\u00e1n fabricados con pl\u00e1stico acr\u00edlico de alta calidad, que no s\u00f3lo es reciclable, sino tambi\u00e9n sostenible y respetuoso con el medio ambiente.<\/p>\n<p>El elegante dise\u00f1o de los frascos de esencias cosm\u00e9ticas no s\u00f3lo a\u00f1adir\u00e1 un toque lujoso a su rutina de cuidado de la piel, sino que tambi\u00e9n proteger\u00e1 sus productos de los da\u00f1inos rayos UV.<\/p>\n<p>DETALLES DEL PRODUCTO<br \/>\nNombre del producto: Lujo Skincare Botella Set Embalaje Personalizado<br \/>\nColor: Personalizado<br \/>\nCapacidad: tarros de 15 g, 25 g, 50 g, 100 g; botellas de 30 ml, 50 ml, 60 ml, 100 ml, 120 ml, 150 ml<br \/>\nMaterial: botella y tarro de cristal, tap\u00f3n y bomba de pl\u00e1stico<br \/>\nUso: crema facial, limpiador, t\u00f3nico, loci\u00f3n facial<br \/>\nEntrega Embalaje: embalaje est\u00e1ndar de cart\u00f3n para exportaci\u00f3n<br \/>\nTratamiento de superficies: serigraf\u00eda, glaseado, galvanoplastia, revestimiento de color, impresi\u00f3n 3D, estampaci\u00f3n en caliente<\/p>\n<p>Alever suministra opciones de color personalizadas para adaptarse a su estilo y preferencias est\u00e9ticas. Adem\u00e1s, nuestras botellas son compatibles con diferentes acabados superficiales, como la estampaci\u00f3n en caliente y la serigraf\u00eda, que dar\u00e1n a sus productos un aspecto profesional y sofisticado.<\/p>","protected":false},"excerpt":{"rendered":"<p>Este cosm\u00e9tico acr\u00edlico cuidado de la piel botella conjunto de productos es un estilo personalizado.<br \/>\nDuraderos, garantizan que sus productos de cuidado de la piel se mantengan frescos y eficaces durante m\u00e1s tiempo.<br \/>\nPerfecto para envases de cremas, lociones, bases de maquillaje, sueros, esencias, t\u00f3nicos u otros productos para el cuidado de la piel.<\/p>","protected":false},"featured_media":839,"comment_status":"open","ping_status":"closed","template":"","meta":{"_monsterinsights_skip_tracking":false,"_monsterinsights_sitenote_active":false,"_monsterinsights_sitenote_note":"","_monsterinsights_sitenote_category":0},"product_brand":[],"product_cat":[22],"product_tag":[],"class_list":{"0":"post-79","1":"product","2":"type-product","3":"status-publish","4":"has-post-thumbnail","6":"product_cat-skincare","8":"first","9":"instock","10":"shipping-taxable","11":"product-type-simple"},"jetpack_sharing_enabled":true,"_links":{"self":[{"href":"https:\/\/aleverworld.com\/es\/wp-json\/wp\/v2\/product\/79","targetHints":{"allow":["GET"]}}],"collection":[{"href":"https:\/\/aleverworld.com\/es\/wp-json\/wp\/v2\/product"}],"about":[{"href":"https:\/\/aleverworld.com\/es\/wp-json\/wp\/v2\/types\/product"}],"replies":[{"embeddable":true,"href":"https:\/\/aleverworld.com\/es\/wp-json\/wp\/v2\/comments?post=79"}],"wp:featuredmedia":[{"embeddable":true,"href":"https:\/\/aleverworld.com\/es\/wp-json\/wp\/v2\/media\/839"}],"wp:attachment":[{"href":"https:\/\/aleverworld.com\/es\/wp-json\/wp\/v2\/media?parent=79"}],"wp:term":[{"taxonomy":"product_brand","embeddable":true,"href":"https:\/\/aleverworld.com\/es\/wp-json\/wp\/v2\/product_brand?post=79"},{"taxonomy":"product_cat","embeddable":true,"href":"https:\/\/aleverworld.com\/es\/wp-json\/wp\/v2\/product_cat?post=79"},{"taxonomy":"product_tag","embeddable":true,"href":"https:\/\/aleverworld.com\/es\/wp-json\/wp\/v2\/product_tag?post=79"}],"curies":[{"name":"wp","href":"https:\/\/api.w.org\/{rel}","templated":true}]}}