{"id":81,"date":"2022-04-12T08:00:53","date_gmt":"2022-04-12T08:00:53","guid":{"rendered":"https:\/\/startersites.io\/blocksy\/home-decor\/?post_type=product&#038;p=81"},"modified":"2025-05-10T14:46:48","modified_gmt":"2025-05-10T14:46:48","slug":"travel-bottles-kits-tsa-approved","status":"publish","type":"product","link":"https:\/\/aleverworld.com\/es\/producto\/travel-bottles-kits-tsa-approved\/","title":{"rendered":"Kits de botellas de viaje - Aprobado por el TSA"},"content":{"rendered":"<p>Este funcional set de viaje satisface las necesidades de lo esencial para viajar sobre la marcha. Incluye frascos y tarros de aseo de varios tama\u00f1os.<br \/>\nFabricados con material apto para uso alimentario, todos los frascos de champ\u00fa de viaje son resistentes y no contienen BPA t\u00f3xico, por lo que los l\u00edquidos de aseo o los alimentos est\u00e1n a salvo de cualquier toxina.<br \/>\nTodos los envases de las botellas de viaje caben f\u00e1cilmente en una bolsa transparente con cremallera de tama\u00f1o cuarto de gal\u00f3n cuando se viaja con equipaje de mano. Adecuado para duchas de gimnasio, viajes, vacaciones, viajes en avi\u00f3n, camping<br \/>\nIdeal para llevar art\u00edculos de aseo como champ\u00fas, acondicionadores, lociones e incluso jabones l\u00edquidos.<\/p>","protected":false},"excerpt":{"rendered":"<p>Contenedores de viaje para art\u00edculos de aseo.<br \/>\nPerfecto para cosm\u00e9ticos Champ\u00fa Acondicionador Loci\u00f3n.<br \/>\nEsenciales de viaje l\u00edquidos rellenables a prueba de fugas con neceser.<\/p>","protected":false},"featured_media":840,"comment_status":"open","ping_status":"closed","template":"","meta":{"_monsterinsights_skip_tracking":false,"_monsterinsights_sitenote_active":false,"_monsterinsights_sitenote_note":"","_monsterinsights_sitenote_category":0},"product_brand":[],"product_cat":[21,20],"product_tag":[],"class_list":{"0":"post-81","1":"product","2":"type-product","3":"status-publish","4":"has-post-thumbnail","6":"product_cat-plastic-materials","7":"product_cat-travel-kit","9":"first","10":"instock","11":"shipping-taxable","12":"product-type-simple"},"jetpack_sharing_enabled":true,"_links":{"self":[{"href":"https:\/\/aleverworld.com\/es\/wp-json\/wp\/v2\/product\/81","targetHints":{"allow":["GET"]}}],"collection":[{"href":"https:\/\/aleverworld.com\/es\/wp-json\/wp\/v2\/product"}],"about":[{"href":"https:\/\/aleverworld.com\/es\/wp-json\/wp\/v2\/types\/product"}],"replies":[{"embeddable":true,"href":"https:\/\/aleverworld.com\/es\/wp-json\/wp\/v2\/comments?post=81"}],"wp:featuredmedia":[{"embeddable":true,"href":"https:\/\/aleverworld.com\/es\/wp-json\/wp\/v2\/media\/840"}],"wp:attachment":[{"href":"https:\/\/aleverworld.com\/es\/wp-json\/wp\/v2\/media?parent=81"}],"wp:term":[{"taxonomy":"product_brand","embeddable":true,"href":"https:\/\/aleverworld.com\/es\/wp-json\/wp\/v2\/product_brand?post=81"},{"taxonomy":"product_cat","embeddable":true,"href":"https:\/\/aleverworld.com\/es\/wp-json\/wp\/v2\/product_cat?post=81"},{"taxonomy":"product_tag","embeddable":true,"href":"https:\/\/aleverworld.com\/es\/wp-json\/wp\/v2\/product_tag?post=81"}],"curies":[{"name":"wp","href":"https:\/\/api.w.org\/{rel}","templated":true}]}}